{"id":1471,"date":"2024-06-30T14:36:10","date_gmt":"2024-06-30T12:36:10","guid":{"rendered":"https:\/\/movida360.eu\/?page_id=1471"},"modified":"2024-10-20T18:55:45","modified_gmt":"2024-10-20T16:55:45","slug":"accesibilidad","status":"publish","type":"page","link":"https:\/\/movida360.eu\/index.php\/accesibilidad\/","title":{"rendered":"Accesibilidad"},"content":{"rendered":"\n<h2 class=\"wp-block-heading\">Accesibilidad<\/h2>\n\n\n\n<p>Declaraci\u00f3n de accesibilidad. El propietario del sitio web se ha comprometido en<br>hacer accesible su sitio web de conformidad con el Real Decreto 1112\/2018, de 7 de<br>septiembre, sobre accesibilidad de los sitios web y aplicaciones para dispositivos<br>m\u00f3viles del sector p\u00fablico (en adelante, Real Decreto 1112\/2018, de 7 de<br>septiembre), por el que se traspone la Directiva (UE) 2016\/2102 del Parlamento<br>Europeo y del Consejo, de 26 de octubre de 2016. La presente declaraci\u00f3n aplica a<br>este sitio web. Situaci\u00f3n de cumplimiento Este sitio web es parcialmente conforme<br>con el Real Decreto 1112\/2018, de 7 de septiembre a causa de las excepciones y la<br>falta de conformidad de los aspectos que se indican a continuaci\u00f3n. Contenido no<br>accesible El contenido que es recoge a continuaci\u00f3n no es accesible por los<br>siguientes motivos: Falta de conformidad con el Real Decreto 1112\/2018, de 7 de<br>septiembre:<br>1. Algunas im\u00e1genes no est\u00e1n etiquetadas o tienen una alternativa textual<br>gen\u00e9rica [requisito n\u00famero 9.1.1.1 de la norma UNE-EN 301549:2019<br>Contenido no textual] 2. Algunos v\u00eddeos grabados pueden no contener subt\u00edtulos [requisito n\u00famero<br>9.1.2.2 de la norma UNE-EN 301549:2019 subt\u00edtulos (grabados)] 3. Algunos videos pregrabados en el sitio web no disponen de audio descripci\u00f3n<br>o medios alternativos [requisitos n\u00famero 9.1.2.5 y 9.1.2.3 de la norma<br>UNE-EN 301549:2019 Audio descripci\u00f3n o medios alternativos (grabado)] 4. En algunas p\u00e1ginas la informaci\u00f3n, estructura y relaciones no est\u00e1n<br>determinadas por software o no tienen alternativa como texto. [requisito<br>n\u00famero 9.1.3.1 de la UNE-EN 301549:2019 de informaci\u00f3n y relaciones.<br>5. En algunas p\u00e1ginas se ha utilizado el color como \u00fanico medio visual para<br>transmitir informaci\u00f3n, indicar una acci\u00f3n, provocar una respuesta o distinguir<br>un elemento visual [requisito n\u00famero 9.1.4.1 de la norma UNE-EN<br>301549:2019 uso del color] 6. En algunas p\u00e1ginas puede haber atributos e identificadores duplicados<br>[requisito n\u00famero 9.4.1.1 de la norma UNE-EN 301549:2019 procesamiento] 7. En algunas p\u00e1ginas los componentes de interfaz de usuario como elementos<br>de formulario, enlaces y componentes generados por script no siguen la<br>estructura recomendada por las pautas de accesibilidad [requisito n\u00famero<br>9.4.1.2 de la norma UNE-EN 301549:2019 Nombre, funci\u00f3n, valor] 8. En algunos formularios el campo de entrada que recopila informaci\u00f3n sobre<br>el usuario no tiene identificado el prop\u00f3sito [requisito n\u00famero 9.1.3.5 de la<br>norma UNE-EN 301549:2019 identificaci\u00f3n del prop\u00f3sito de entrada] 9. En algunas p\u00e1ginas la relaci\u00f3n de contraste en texto o im\u00e1genes podr\u00eda no<br>ser de al menos 4.5:1 [requisito n\u00famero 9.1.4.3 de la norma UNE-EN<br>301549:2019 contraste m\u00ednimo] 10.En algunas p\u00e1ginas el contraste de los componentes de interfaz de usuario y<br>de objetos gr\u00e1ficos podr\u00eda no llegar al 3:1 con los colores adyacentes<br>[requisito n\u00famero 9.1.4.11 de la norma UNE-EN 301549:2019 contraste no<br>textual]<\/p>\n\n\n\n<p>11. De manera puntual podr\u00eda existir alg\u00fan error de entrada en alg\u00fan<br>campo\/formulario del que no se notificase al usuario la sugerencia para<br>solucionarlo [requisito n\u00famero 9.3.3.3 de la norma UNE-EN 301549:2019<br>Sugerencia ante errores] 12.En algunas p\u00e1ginas los mensajes de estado podr\u00edan no estar determinados<br>mediante programaci\u00f3n a trav\u00e9s de funciones o propiedades [requisito<br>n\u00famero 9.4.1.3 de la norma UNE-EN 301549:2019 mensajes de estado] Carga desproporcionada No aplica El contenido no entra dentro del \u00e1mbito de la<br>legislaci\u00f3n aplicable<br>1. Podr\u00edan existir archivos ofim\u00e1ticos en PDF o otros formatos publicados antes<br>del 20 de septiembre de 2018 que no cumplen \u00edntegramente todos los<br>requisitos de accesibilidad.<br>Observaciones y datos de contacto Se pueden realizar comunicaciones sobre<br>requisitos de accesibilidad (art\u00edculo 10.2.a del Real Decreto 1112\/2018, de 7 de<br>septiembre), a trav\u00e9s del formulario de contacto, por ejemplo:<br>\u25cf Informar sobre cualquier posible incumplimiento por parte de este sitio web<br>\u25cf Transmitir otras dificultades de acceso al contenido<br>\u25cf Formular cualquier otra consulta o sugerencia de mejora relativa a la<br>accesibilidad del sitio web.<br>Las comunicaciones ser\u00e1n recibidas y tratadas por la Unidad Responsable de<br>Accesibilidad.<\/p>\n","protected":false},"excerpt":{"rendered":"<p>Accesibilidad Declaraci\u00f3n de accesibilidad. El propietario del sitio web se ha comprometido enhacer accesible su sitio web de conformidad con el Real Decreto 1112\/2018, de 7 deseptiembre, sobre accesibilidad de los sitios web y aplicaciones para dispositivosm\u00f3viles del sector p\u00fablico (en adelante, Real Decreto 1112\/2018, de 7 deseptiembre), por el que se traspone la Directiva [&hellip;]<\/p>\n","protected":false},"author":1,"featured_media":0,"parent":0,"menu_order":0,"comment_status":"closed","ping_status":"closed","template":"","meta":{"_uag_custom_page_level_css":"","site-sidebar-layout":"default","site-content-layout":"","ast-site-content-layout":"default","site-content-style":"default","site-sidebar-style":"default","ast-global-header-display":"","ast-banner-title-visibility":"","ast-main-header-display":"","ast-hfb-above-header-display":"","ast-hfb-below-header-display":"","ast-hfb-mobile-header-display":"","site-post-title":"","ast-breadcrumbs-content":"","ast-featured-img":"","footer-sml-layout":"","theme-transparent-header-meta":"","adv-header-id-meta":"","stick-header-meta":"","header-above-stick-meta":"","header-main-stick-meta":"","header-below-stick-meta":"","astra-migrate-meta-layouts":"set","ast-page-background-enabled":"default","ast-page-background-meta":{"desktop":{"background-color":"var(--ast-global-color-4)","background-image":"","background-repeat":"repeat","background-position":"center center","background-size":"auto","background-attachment":"scroll","background-type":"","background-media":"","overlay-type":"","overlay-color":"","overlay-opacity":"","overlay-gradient":""},"tablet":{"background-color":"","background-image":"","background-repeat":"repeat","background-position":"center center","background-size":"auto","background-attachment":"scroll","background-type":"","background-media":"","overlay-type":"","overlay-color":"","overlay-opacity":"","overlay-gradient":""},"mobile":{"background-color":"","background-image":"","background-repeat":"repeat","background-position":"center center","background-size":"auto","background-attachment":"scroll","background-type":"","background-media":"","overlay-type":"","overlay-color":"","overlay-opacity":"","overlay-gradient":""}},"ast-content-background-meta":{"desktop":{"background-color":"var(--ast-global-color-5)","background-image":"","background-repeat":"repeat","background-position":"center center","background-size":"auto","background-attachment":"scroll","background-type":"","background-media":"","overlay-type":"","overlay-color":"","overlay-opacity":"","overlay-gradient":""},"tablet":{"background-color":"var(--ast-global-color-5)","background-image":"","background-repeat":"repeat","background-position":"center center","background-size":"auto","background-attachment":"scroll","background-type":"","background-media":"","overlay-type":"","overlay-color":"","overlay-opacity":"","overlay-gradient":""},"mobile":{"background-color":"var(--ast-global-color-5)","background-image":"","background-repeat":"repeat","background-position":"center center","background-size":"auto","background-attachment":"scroll","background-type":"","background-media":"","overlay-type":"","overlay-color":"","overlay-opacity":"","overlay-gradient":""}},"footnotes":""},"class_list":["post-1471","page","type-page","status-publish","hentry"],"yoast_head":"<!-- This site is optimized with the Yoast SEO plugin v23.8 - https:\/\/yoast.com\/wordpress\/plugins\/seo\/ -->\n<title>Accesibilidad - movida360.eu<\/title>\n<meta name=\"robots\" content=\"index, follow, max-snippet:-1, max-image-preview:large, max-video-preview:-1\" \/>\n<link rel=\"canonical\" href=\"https:\/\/movida360.eu\/index.php\/accesibilidad\/\" \/>\n<meta property=\"og:locale\" content=\"en_US\" \/>\n<meta property=\"og:type\" content=\"article\" \/>\n<meta property=\"og:title\" content=\"Accesibilidad - movida360.eu\" \/>\n<meta property=\"og:description\" content=\"Accesibilidad Declaraci\u00f3n de accesibilidad. El propietario del sitio web se ha comprometido enhacer accesible su sitio web de conformidad con el Real Decreto 1112\/2018, de 7 deseptiembre, sobre accesibilidad de los sitios web y aplicaciones para dispositivosm\u00f3viles del sector p\u00fablico (en adelante, Real Decreto 1112\/2018, de 7 deseptiembre), por el que se traspone la Directiva [&hellip;]\" \/>\n<meta property=\"og:url\" content=\"https:\/\/movida360.eu\/index.php\/accesibilidad\/\" \/>\n<meta property=\"og:site_name\" content=\"movida360.eu\" \/>\n<meta property=\"article:publisher\" content=\"https:\/\/www.facebook.com\/motivarte.expresion.artistica\/\" \/>\n<meta property=\"article:modified_time\" content=\"2024-10-20T16:55:45+00:00\" \/>\n<meta name=\"twitter:card\" content=\"summary_large_image\" \/>\n<meta name=\"twitter:label1\" content=\"Est. reading time\" \/>\n\t<meta name=\"twitter:data1\" content=\"3 minutes\" \/>\n<script type=\"application\/ld+json\" class=\"yoast-schema-graph\">{\"@context\":\"https:\/\/schema.org\",\"@graph\":[{\"@type\":\"WebPage\",\"@id\":\"https:\/\/movida360.eu\/index.php\/accesibilidad\/\",\"url\":\"https:\/\/movida360.eu\/index.php\/accesibilidad\/\",\"name\":\"Accesibilidad - movida360.eu\",\"isPartOf\":{\"@id\":\"https:\/\/movida360.eu\/#website\"},\"datePublished\":\"2024-06-30T12:36:10+00:00\",\"dateModified\":\"2024-10-20T16:55:45+00:00\",\"breadcrumb\":{\"@id\":\"https:\/\/movida360.eu\/index.php\/accesibilidad\/#breadcrumb\"},\"inLanguage\":\"en-US\",\"potentialAction\":[{\"@type\":\"ReadAction\",\"target\":[\"https:\/\/movida360.eu\/index.php\/accesibilidad\/\"]}]},{\"@type\":\"BreadcrumbList\",\"@id\":\"https:\/\/movida360.eu\/index.php\/accesibilidad\/#breadcrumb\",\"itemListElement\":[{\"@type\":\"ListItem\",\"position\":1,\"name\":\"Portada\",\"item\":\"https:\/\/movida360.eu\/\"},{\"@type\":\"ListItem\",\"position\":2,\"name\":\"Accesibilidad\"}]},{\"@type\":\"WebSite\",\"@id\":\"https:\/\/movida360.eu\/#website\",\"url\":\"https:\/\/movida360.eu\/\",\"name\":\"movida360.eu\",\"description\":\"Proveedores de experiencias en 360\u00b0 (Tour virtual, marketing digital y eventos)\",\"publisher\":{\"@id\":\"https:\/\/movida360.eu\/#organization\"},\"potentialAction\":[{\"@type\":\"SearchAction\",\"target\":{\"@type\":\"EntryPoint\",\"urlTemplate\":\"https:\/\/movida360.eu\/?s={search_term_string}\"},\"query-input\":{\"@type\":\"PropertyValueSpecification\",\"valueRequired\":true,\"valueName\":\"search_term_string\"}}],\"inLanguage\":\"en-US\"},{\"@type\":\"Organization\",\"@id\":\"https:\/\/movida360.eu\/#organization\",\"name\":\"movida360.eu\",\"url\":\"https:\/\/movida360.eu\/\",\"logo\":{\"@type\":\"ImageObject\",\"inLanguage\":\"en-US\",\"@id\":\"https:\/\/movida360.eu\/#\/schema\/logo\/image\/\",\"url\":\"https:\/\/movida360.eu\/wp-content\/uploads\/2023\/12\/20230825_222236_0000.png\",\"contentUrl\":\"https:\/\/movida360.eu\/wp-content\/uploads\/2023\/12\/20230825_222236_0000.png\",\"width\":500,\"height\":500,\"caption\":\"movida360.eu\"},\"image\":{\"@id\":\"https:\/\/movida360.eu\/#\/schema\/logo\/image\/\"},\"sameAs\":[\"https:\/\/www.facebook.com\/motivarte.expresion.artistica\/\",\"https:\/\/www.instagram.com\/teammovida360?igsh=c2RoY2dndW5zM2V1\"]}]}<\/script>\n<!-- \/ Yoast SEO plugin. -->","yoast_head_json":{"title":"Accesibilidad - movida360.eu","robots":{"index":"index","follow":"follow","max-snippet":"max-snippet:-1","max-image-preview":"max-image-preview:large","max-video-preview":"max-video-preview:-1"},"canonical":"https:\/\/movida360.eu\/index.php\/accesibilidad\/","og_locale":"en_US","og_type":"article","og_title":"Accesibilidad - movida360.eu","og_description":"Accesibilidad Declaraci\u00f3n de accesibilidad. El propietario del sitio web se ha comprometido enhacer accesible su sitio web de conformidad con el Real Decreto 1112\/2018, de 7 deseptiembre, sobre accesibilidad de los sitios web y aplicaciones para dispositivosm\u00f3viles del sector p\u00fablico (en adelante, Real Decreto 1112\/2018, de 7 deseptiembre), por el que se traspone la Directiva [&hellip;]","og_url":"https:\/\/movida360.eu\/index.php\/accesibilidad\/","og_site_name":"movida360.eu","article_publisher":"https:\/\/www.facebook.com\/motivarte.expresion.artistica\/","article_modified_time":"2024-10-20T16:55:45+00:00","twitter_card":"summary_large_image","twitter_misc":{"Est. reading time":"3 minutes"},"schema":{"@context":"https:\/\/schema.org","@graph":[{"@type":"WebPage","@id":"https:\/\/movida360.eu\/index.php\/accesibilidad\/","url":"https:\/\/movida360.eu\/index.php\/accesibilidad\/","name":"Accesibilidad - movida360.eu","isPartOf":{"@id":"https:\/\/movida360.eu\/#website"},"datePublished":"2024-06-30T12:36:10+00:00","dateModified":"2024-10-20T16:55:45+00:00","breadcrumb":{"@id":"https:\/\/movida360.eu\/index.php\/accesibilidad\/#breadcrumb"},"inLanguage":"en-US","potentialAction":[{"@type":"ReadAction","target":["https:\/\/movida360.eu\/index.php\/accesibilidad\/"]}]},{"@type":"BreadcrumbList","@id":"https:\/\/movida360.eu\/index.php\/accesibilidad\/#breadcrumb","itemListElement":[{"@type":"ListItem","position":1,"name":"Portada","item":"https:\/\/movida360.eu\/"},{"@type":"ListItem","position":2,"name":"Accesibilidad"}]},{"@type":"WebSite","@id":"https:\/\/movida360.eu\/#website","url":"https:\/\/movida360.eu\/","name":"movida360.eu","description":"Proveedores de experiencias en 360\u00b0 (Tour virtual, marketing digital y eventos)","publisher":{"@id":"https:\/\/movida360.eu\/#organization"},"potentialAction":[{"@type":"SearchAction","target":{"@type":"EntryPoint","urlTemplate":"https:\/\/movida360.eu\/?s={search_term_string}"},"query-input":{"@type":"PropertyValueSpecification","valueRequired":true,"valueName":"search_term_string"}}],"inLanguage":"en-US"},{"@type":"Organization","@id":"https:\/\/movida360.eu\/#organization","name":"movida360.eu","url":"https:\/\/movida360.eu\/","logo":{"@type":"ImageObject","inLanguage":"en-US","@id":"https:\/\/movida360.eu\/#\/schema\/logo\/image\/","url":"https:\/\/movida360.eu\/wp-content\/uploads\/2023\/12\/20230825_222236_0000.png","contentUrl":"https:\/\/movida360.eu\/wp-content\/uploads\/2023\/12\/20230825_222236_0000.png","width":500,"height":500,"caption":"movida360.eu"},"image":{"@id":"https:\/\/movida360.eu\/#\/schema\/logo\/image\/"},"sameAs":["https:\/\/www.facebook.com\/motivarte.expresion.artistica\/","https:\/\/www.instagram.com\/teammovida360?igsh=c2RoY2dndW5zM2V1"]}]}},"uagb_featured_image_src":{"full":false,"thumbnail":false,"medium":false,"medium_large":false,"large":false,"1536x1536":false,"2048x2048":false,"trp-custom-language-flag":false},"uagb_author_info":{"display_name":"movida360.eu","author_link":"https:\/\/movida360.eu\/index.php\/author\/movida360-eu\/"},"uagb_comment_info":0,"uagb_excerpt":"Accesibilidad Declaraci\u00f3n de accesibilidad. El propietario del sitio web se ha comprometido enhacer accesible su sitio web de conformidad con el Real Decreto 1112\/2018, de 7 deseptiembre, sobre accesibilidad de los sitios web y aplicaciones para dispositivosm\u00f3viles del sector p\u00fablico (en adelante, Real Decreto 1112\/2018, de 7 deseptiembre), por el que se traspone la Directiva&hellip;","_links":{"self":[{"href":"https:\/\/movida360.eu\/index.php\/wp-json\/wp\/v2\/pages\/1471","targetHints":{"allow":["GET"]}}],"collection":[{"href":"https:\/\/movida360.eu\/index.php\/wp-json\/wp\/v2\/pages"}],"about":[{"href":"https:\/\/movida360.eu\/index.php\/wp-json\/wp\/v2\/types\/page"}],"author":[{"embeddable":true,"href":"https:\/\/movida360.eu\/index.php\/wp-json\/wp\/v2\/users\/1"}],"replies":[{"embeddable":true,"href":"https:\/\/movida360.eu\/index.php\/wp-json\/wp\/v2\/comments?post=1471"}],"version-history":[{"count":2,"href":"https:\/\/movida360.eu\/index.php\/wp-json\/wp\/v2\/pages\/1471\/revisions"}],"predecessor-version":[{"id":1494,"href":"https:\/\/movida360.eu\/index.php\/wp-json\/wp\/v2\/pages\/1471\/revisions\/1494"}],"wp:attachment":[{"href":"https:\/\/movida360.eu\/index.php\/wp-json\/wp\/v2\/media?parent=1471"}],"curies":[{"name":"wp","href":"https:\/\/api.w.org\/{rel}","templated":true}]}}